{"id":10,"date":"2025-05-16T14:42:35","date_gmt":"2025-05-16T14:42:35","guid":{"rendered":"https:\/\/immekine.com\/?page_id=10"},"modified":"2025-05-29T16:19:38","modified_gmt":"2025-05-29T16:19:38","slug":"nosotros","status":"publish","type":"page","link":"https:\/\/immekine.com\/index.php\/nosotros\/","title":{"rendered":"Nosotros"},"content":{"rendered":"\n<h2 class=\"wp-block-heading has-large-font-size\" id=\"inspiro-is-a-digital-product-agency-that-focuses-on-strategy-and-design\" style=\"font-style:normal;font-weight:100\"><strong>IMMEKINE es una agencia de servicios de marketing que se centra en la estrategia y el dise\u00f1o de campa\u00f1as.<\/strong><\/h2>\n\n\n\n<div style=\"height:100px\" aria-hidden=\"true\" class=\"wp-block-spacer\"><\/div>\n\n\n\n<div class=\"wp-block-columns alignwide is-layout-flex wp-container-core-columns-is-layout-28f84493 wp-block-columns-is-layout-flex\">\n<div class=\"wp-block-column is-layout-flow wp-block-column-is-layout-flow\">\n<figure class=\"wp-block-image size-large\"><img loading=\"lazy\" decoding=\"async\" width=\"1024\" height=\"683\" src=\"https:\/\/immekine.com\/wp-content\/uploads\/2025\/05\/pexels-photo-3184418-1024x683.jpg\" alt=\"\" class=\"wp-image-292\" srcset=\"https:\/\/immekine.com\/wp-content\/uploads\/2025\/05\/pexels-photo-3184418-1024x683.jpg 1024w, https:\/\/immekine.com\/wp-content\/uploads\/2025\/05\/pexels-photo-3184418-300x200.jpg 300w, https:\/\/immekine.com\/wp-content\/uploads\/2025\/05\/pexels-photo-3184418.jpg 1125w\" sizes=\"auto, (max-width: 1024px) 100vw, 1024px\" \/><\/figure>\n\n\n\n<p class=\"has-black-color has-text-color has-medium-font-size\">El equipo<\/p>\n\n\n\n<p class=\"has-text-color\" style=\"color:#7a7a7a\"><strong>IMMEKINE<\/strong> est\u00e1 formado por un equipo multidisciplinar con una visi\u00f3n global del negocio. Reunimos talento creativo, estrat\u00e9gico y operativo para ofrecer soluciones completas a marcas que buscan crecer y diferenciarse. Nos apasiona lo que hacemos y lo hacemos bien: conectamos creatividad y eficiencia con una mentalidad orientada a resultados.<\/p>\n<\/div>\n\n\n\n<div class=\"wp-block-column is-layout-flow wp-block-column-is-layout-flow\">\n<figure class=\"wp-block-image size-large\"><img loading=\"lazy\" decoding=\"async\" width=\"1024\" height=\"712\" src=\"https:\/\/immekine.com\/wp-content\/uploads\/2025\/05\/pexels-photo-355952-1024x712.jpg\" alt=\"\" class=\"wp-image-293\" srcset=\"https:\/\/immekine.com\/wp-content\/uploads\/2025\/05\/pexels-photo-355952-1024x712.jpg 1024w, https:\/\/immekine.com\/wp-content\/uploads\/2025\/05\/pexels-photo-355952-300x209.jpg 300w, https:\/\/immekine.com\/wp-content\/uploads\/2025\/05\/pexels-photo-355952.jpg 1079w\" sizes=\"auto, (max-width: 1024px) 100vw, 1024px\" \/><\/figure>\n\n\n\n<p class=\"has-black-color has-text-color has-medium-font-size\">Nuestra filosofia<\/p>\n\n\n\n<p class=\"has-text-color\" style=\"color:#7a7a7a\">Creemos en el poder de las ideas bien ejecutadas. Nuestra filosof\u00eda se basa en la combinaci\u00f3n de creatividad, estructura y visi\u00f3n comercial. Apostamos por procesos claros, colaboraciones duraderas y una ejecuci\u00f3n impecable. Cada proyecto es una oportunidad para aportar valor real, desde la idea inicial hasta su llegada al consumidor.<\/p>\n<\/div>\n\n\n\n<div class=\"wp-block-column is-layout-flow wp-block-column-is-layout-flow\">\n<figure class=\"wp-block-image size-large\"><img loading=\"lazy\" decoding=\"async\" width=\"1024\" height=\"683\" src=\"https:\/\/immekine.com\/wp-content\/uploads\/2025\/05\/pexels-photo-196644-1024x683.webp\" alt=\"\" class=\"wp-image-294\" srcset=\"https:\/\/immekine.com\/wp-content\/uploads\/2025\/05\/pexels-photo-196644-1024x683.webp 1024w, https:\/\/immekine.com\/wp-content\/uploads\/2025\/05\/pexels-photo-196644-300x200.webp 300w, https:\/\/immekine.com\/wp-content\/uploads\/2025\/05\/pexels-photo-196644.webp 1125w\" sizes=\"auto, (max-width: 1024px) 100vw, 1024px\" \/><\/figure>\n\n\n\n<p class=\"has-black-color has-text-color has-medium-font-size\">Servicios<\/p>\n\n\n\n<p class=\"has-text-color\" style=\"color:#7a7a7a\">En <strong>IMMEKINE<\/strong> ofrecemos un enfoque integral que une varios pilares:\u00a0<strong>marketing<\/strong>,\u00a0<strong>dise\u00f1o de packaging<\/strong>, <strong>sourcing<\/strong>,\u00a0<strong>dise\u00f1o de cristaler\u00edas<\/strong>, <strong>distribuci\u00f3n<\/strong> <strong>premium<\/strong>\u00a0y\u00a0<strong>gesti\u00f3n de tiendas online<\/strong>. Desde el desarrollo conceptual hasta la comercializaci\u00f3n final, acompa\u00f1amos a marcas en todas las etapas. Dise\u00f1amos productos y estrategias, gestionamos la cadena completa, desde la producci\u00f3n hasta el suministro, posicionamos en canales clave y desarrollamos ecommerce que venden. Todo bajo un mismo equipo, con visi\u00f3n global y compromiso total.<\/p>\n<\/div>\n<\/div>\n\n\n\n<p><\/p>\n","protected":false},"excerpt":{"rendered":"<p>IMMEKINE es una agencia de servicios de marketing que se centra en la estrategia y el dise\u00f1o de campa\u00f1as. El equipo IMMEKINE est\u00e1 formado por un equipo multidisciplinar con una visi\u00f3n global del negocio. Reunimos talento creativo, estrat\u00e9gico y operativo para ofrecer soluciones completas a marcas que buscan crecer y diferenciarse. Nos apasiona lo que &hellip; <\/p>\n<p class=\"link-more\"><a href=\"https:\/\/immekine.com\/index.php\/nosotros\/\" class=\"more-link\">Leer m\u00e1s<span class=\"screen-reader-text\"> \u00abNosotros\u00bb<\/span><\/a><\/p>\n","protected":false},"author":1,"featured_media":7,"parent":0,"menu_order":0,"comment_status":"closed","ping_status":"closed","template":"","meta":{"footnotes":""},"class_list":["post-10","page","type-page","status-publish","has-post-thumbnail","hentry"],"featured_media_urls":{"thumbnail":["https:\/\/immekine.com\/wp-content\/uploads\/2025\/05\/StockSnap_M6D1GS9PSL-150x150.jpg",150,150,true],"medium":["https:\/\/immekine.com\/wp-content\/uploads\/2025\/05\/StockSnap_M6D1GS9PSL-300x198.jpg",300,198,true],"medium_large":["https:\/\/immekine.com\/wp-content\/uploads\/2025\/05\/StockSnap_M6D1GS9PSL.jpg",768,506,false],"large":["https:\/\/immekine.com\/wp-content\/uploads\/2025\/05\/StockSnap_M6D1GS9PSL-1024x674.jpg",950,625,true],"1536x1536":["https:\/\/immekine.com\/wp-content\/uploads\/2025\/05\/StockSnap_M6D1GS9PSL-1536x1011.jpg",1536,1011,true],"2048x2048":["https:\/\/immekine.com\/wp-content\/uploads\/2025\/05\/StockSnap_M6D1GS9PSL.jpg",2000,1317,false],"inspiro-featured-image":["https:\/\/immekine.com\/wp-content\/uploads\/2025\/05\/StockSnap_M6D1GS9PSL.jpg",2000,1317,false],"inspiro-loop":["https:\/\/immekine.com\/wp-content\/uploads\/2025\/05\/StockSnap_M6D1GS9PSL-950x320.jpg",950,320,true],"inspiro-loop@2x":["https:\/\/immekine.com\/wp-content\/uploads\/2025\/05\/StockSnap_M6D1GS9PSL-1900x640.jpg",1900,640,true],"portfolio_item-thumbnail":["https:\/\/immekine.com\/wp-content\/uploads\/2025\/05\/StockSnap_M6D1GS9PSL-600x400.jpg",600,400,true],"portfolio_item-thumbnail@2x":["https:\/\/immekine.com\/wp-content\/uploads\/2025\/05\/StockSnap_M6D1GS9PSL-1200x800.jpg",1200,800,true],"portfolio_item-masonry":["https:\/\/immekine.com\/wp-content\/uploads\/2025\/05\/StockSnap_M6D1GS9PSL-600x395.jpg",600,395,true],"portfolio_item-masonry@2x":["https:\/\/immekine.com\/wp-content\/uploads\/2025\/05\/StockSnap_M6D1GS9PSL-1200x790.jpg",1200,790,true],"portfolio_item-thumbnail_cinema":["https:\/\/immekine.com\/wp-content\/uploads\/2025\/05\/StockSnap_M6D1GS9PSL-800x335.jpg",800,335,true],"portfolio_item-thumbnail_portrait":["https:\/\/immekine.com\/wp-content\/uploads\/2025\/05\/StockSnap_M6D1GS9PSL-600x900.jpg",600,900,true],"portfolio_item-thumbnail_portrait@2x":["https:\/\/immekine.com\/wp-content\/uploads\/2025\/05\/StockSnap_M6D1GS9PSL-1200x1317.jpg",1200,1317,true],"portfolio_item-thumbnail_square":["https:\/\/immekine.com\/wp-content\/uploads\/2025\/05\/StockSnap_M6D1GS9PSL-800x800.jpg",800,800,true]},"_links":{"self":[{"href":"https:\/\/immekine.com\/index.php\/wp-json\/wp\/v2\/pages\/10","targetHints":{"allow":["GET"]}}],"collection":[{"href":"https:\/\/immekine.com\/index.php\/wp-json\/wp\/v2\/pages"}],"about":[{"href":"https:\/\/immekine.com\/index.php\/wp-json\/wp\/v2\/types\/page"}],"author":[{"embeddable":true,"href":"https:\/\/immekine.com\/index.php\/wp-json\/wp\/v2\/users\/1"}],"replies":[{"embeddable":true,"href":"https:\/\/immekine.com\/index.php\/wp-json\/wp\/v2\/comments?post=10"}],"version-history":[{"count":7,"href":"https:\/\/immekine.com\/index.php\/wp-json\/wp\/v2\/pages\/10\/revisions"}],"predecessor-version":[{"id":295,"href":"https:\/\/immekine.com\/index.php\/wp-json\/wp\/v2\/pages\/10\/revisions\/295"}],"wp:featuredmedia":[{"embeddable":true,"href":"https:\/\/immekine.com\/index.php\/wp-json\/wp\/v2\/media\/7"}],"wp:attachment":[{"href":"https:\/\/immekine.com\/index.php\/wp-json\/wp\/v2\/media?parent=10"}],"curies":[{"name":"wp","href":"https:\/\/api.w.org\/{rel}","templated":true}]}}