{"id":101,"date":"2025-05-17T09:26:57","date_gmt":"2025-05-17T09:26:57","guid":{"rendered":"https:\/\/immekine.com\/?page_id=101"},"modified":"2025-05-27T16:12:49","modified_gmt":"2025-05-27T16:12:49","slug":"packaging","status":"publish","type":"page","link":"https:\/\/immekine.com\/index.php\/areas-de-negocio\/packaging\/","title":{"rendered":"Dise\u00f1o de packaging"},"content":{"rendered":"\n<div class=\"wp-block-group has-global-padding is-layout-constrained wp-block-group-is-layout-constrained\">\n<div class=\"wp-block-columns are-vertically-aligned-top is-layout-flex wp-container-core-columns-is-layout-d7d455e7 wp-block-columns-is-layout-flex\" style=\"padding-top:0;padding-right:0;padding-bottom:0;padding-left:0\">\n<div class=\"wp-block-column is-vertically-aligned-top is-layout-flow wp-block-column-is-layout-flow\" style=\"padding-right:7%;flex-basis:100%\">\n<h2 class=\"wp-block-heading has-large-font-size\">Dise\u00f1o y Producci\u00f3n de Packaging<\/h2>\n\n\n\n<p>Somos proveedores de dise\u00f1o y producci\u00f3n de Packaging premium para las principales marcas del sector &#8216;Wine &amp; Spirits&#8217;. A partir del 2012 empezamos a colaborar con el grupo LVMH en desarrollo de packaging para l\u00edneas de producto especiales.<\/p>\n<\/div>\n<\/div>\n<\/div>\n\n\n\n<div class=\"wp-block-group has-global-padding is-layout-constrained wp-container-core-group-is-layout-19e250f3 wp-block-group-is-layout-constrained\">\n<div class=\"wp-block-columns alignfull has-light-background-background-color has-background is-layout-flex wp-container-core-columns-is-layout-dd282781 wp-block-columns-is-layout-flex\" style=\"padding-top:0;padding-right:0;padding-bottom:0;padding-left:0\">\n<div class=\"wp-block-column is-layout-flow wp-block-column-is-layout-flow\"><\/div>\n\n\n\n<div class=\"wp-block-column is-layout-flow wp-block-column-is-layout-flow\">\n<figure class=\"wp-block-image aligncenter size-full\"><img loading=\"lazy\" decoding=\"async\" width=\"382\" height=\"610\" src=\"https:\/\/immekine.com\/wp-content\/uploads\/2025\/05\/moetchandon-product.png\" alt=\"\" class=\"wp-image-92\" srcset=\"https:\/\/immekine.com\/wp-content\/uploads\/2025\/05\/moetchandon-product.png 382w, https:\/\/immekine.com\/wp-content\/uploads\/2025\/05\/moetchandon-product-188x300.png 188w\" sizes=\"auto, (max-width: 382px) 100vw, 382px\" \/><\/figure>\n<\/div>\n\n\n\n<div class=\"wp-block-column is-vertically-aligned-center is-layout-flow wp-block-column-is-layout-flow\">\n<figure class=\"wp-block-image aligncenter size-full\"><img loading=\"lazy\" decoding=\"async\" width=\"320\" height=\"320\" src=\"https:\/\/immekine.com\/wp-content\/uploads\/2025\/05\/moetchandon.png\" alt=\"Moet &amp; Chandon\" class=\"wp-image-64\" srcset=\"https:\/\/immekine.com\/wp-content\/uploads\/2025\/05\/moetchandon.png 320w, https:\/\/immekine.com\/wp-content\/uploads\/2025\/05\/moetchandon-300x300.png 300w, https:\/\/immekine.com\/wp-content\/uploads\/2025\/05\/moetchandon-150x150.png 150w\" sizes=\"auto, (max-width: 320px) 100vw, 320px\" \/><\/figure>\n<\/div>\n<\/div>\n<\/div>\n\n\n\n<div class=\"wp-block-group has-global-padding is-layout-constrained wp-container-core-group-is-layout-19e250f3 wp-block-group-is-layout-constrained\">\n<div class=\"wp-block-columns alignfull has-light-background-background-color has-background is-layout-flex wp-container-core-columns-is-layout-dd282781 wp-block-columns-is-layout-flex\" style=\"padding-top:0;padding-right:0;padding-bottom:0;padding-left:0\">\n<div class=\"wp-block-column is-layout-flow wp-block-column-is-layout-flow\"><\/div>\n\n\n\n<div class=\"wp-block-column is-layout-flow wp-block-column-is-layout-flow\">\n<figure class=\"wp-block-image aligncenter size-full\"><img loading=\"lazy\" decoding=\"async\" width=\"461\" height=\"791\" src=\"https:\/\/immekine.com\/wp-content\/uploads\/2025\/05\/krug-product.png\" alt=\"\" class=\"wp-image-93\" srcset=\"https:\/\/immekine.com\/wp-content\/uploads\/2025\/05\/krug-product.png 461w, https:\/\/immekine.com\/wp-content\/uploads\/2025\/05\/krug-product-175x300.png 175w\" sizes=\"auto, (max-width: 461px) 100vw, 461px\" \/><\/figure>\n<\/div>\n\n\n\n<div class=\"wp-block-column is-vertically-aligned-center is-layout-flow wp-block-column-is-layout-flow\">\n<figure class=\"wp-block-image size-full\"><img loading=\"lazy\" decoding=\"async\" width=\"354\" height=\"354\" src=\"https:\/\/immekine.com\/wp-content\/uploads\/2025\/05\/krug.png\" alt=\"KRUG\" class=\"wp-image-63\" srcset=\"https:\/\/immekine.com\/wp-content\/uploads\/2025\/05\/krug.png 354w, https:\/\/immekine.com\/wp-content\/uploads\/2025\/05\/krug-300x300.png 300w, https:\/\/immekine.com\/wp-content\/uploads\/2025\/05\/krug-150x150.png 150w\" sizes=\"auto, (max-width: 354px) 100vw, 354px\" \/><\/figure>\n<\/div>\n<\/div>\n<\/div>\n\n\n\n<div class=\"wp-block-group has-global-padding is-layout-constrained wp-container-core-group-is-layout-19e250f3 wp-block-group-is-layout-constrained\">\n<div class=\"wp-block-columns alignfull has-light-background-background-color has-background is-layout-flex wp-container-core-columns-is-layout-dd282781 wp-block-columns-is-layout-flex\" style=\"padding-top:0;padding-right:0;padding-bottom:0;padding-left:0\">\n<div class=\"wp-block-column is-layout-flow wp-block-column-is-layout-flow\"><\/div>\n\n\n\n<div class=\"wp-block-column is-layout-flow wp-block-column-is-layout-flow\">\n<figure class=\"wp-block-image aligncenter size-full\"><img loading=\"lazy\" decoding=\"async\" width=\"680\" height=\"882\" src=\"https:\/\/immekine.com\/wp-content\/uploads\/2025\/05\/dom-perignon-product.png\" alt=\"\" class=\"wp-image-94\" srcset=\"https:\/\/immekine.com\/wp-content\/uploads\/2025\/05\/dom-perignon-product.png 680w, https:\/\/immekine.com\/wp-content\/uploads\/2025\/05\/dom-perignon-product-231x300.png 231w\" sizes=\"auto, (max-width: 680px) 100vw, 680px\" \/><\/figure>\n<\/div>\n\n\n\n<div class=\"wp-block-column is-vertically-aligned-center is-layout-flow wp-block-column-is-layout-flow\">\n<figure class=\"wp-block-image aligncenter size-full\"><img loading=\"lazy\" decoding=\"async\" width=\"320\" height=\"320\" src=\"https:\/\/immekine.com\/wp-content\/uploads\/2025\/05\/dom-perignon.png\" alt=\"Dom Perignon\" class=\"wp-image-62\" srcset=\"https:\/\/immekine.com\/wp-content\/uploads\/2025\/05\/dom-perignon.png 320w, https:\/\/immekine.com\/wp-content\/uploads\/2025\/05\/dom-perignon-300x300.png 300w, https:\/\/immekine.com\/wp-content\/uploads\/2025\/05\/dom-perignon-150x150.png 150w\" sizes=\"auto, (max-width: 320px) 100vw, 320px\" \/><\/figure>\n<\/div>\n<\/div>\n<\/div>\n\n\n\n<div class=\"wp-block-group has-global-padding is-layout-constrained wp-container-core-group-is-layout-19e250f3 wp-block-group-is-layout-constrained\">\n<div class=\"wp-block-columns alignfull has-light-background-background-color has-background is-layout-flex wp-container-core-columns-is-layout-dd282781 wp-block-columns-is-layout-flex\" style=\"padding-top:0;padding-right:0;padding-bottom:0;padding-left:0\">\n<div class=\"wp-block-column is-layout-flow wp-block-column-is-layout-flow\"><\/div>\n\n\n\n<div class=\"wp-block-column is-layout-flow wp-block-column-is-layout-flow\">\n<figure class=\"wp-block-image aligncenter size-full is-resized\"><img loading=\"lazy\" decoding=\"async\" width=\"350\" height=\"800\" src=\"https:\/\/immekine.com\/wp-content\/uploads\/2025\/05\/ruinart-product.png\" alt=\"\" class=\"wp-image-95\" style=\"width:153px;height:auto\" srcset=\"https:\/\/immekine.com\/wp-content\/uploads\/2025\/05\/ruinart-product.png 350w, https:\/\/immekine.com\/wp-content\/uploads\/2025\/05\/ruinart-product-131x300.png 131w\" sizes=\"auto, (max-width: 350px) 100vw, 350px\" \/><\/figure>\n<\/div>\n\n\n\n<div class=\"wp-block-column is-vertically-aligned-center is-layout-flow wp-block-column-is-layout-flow\">\n<figure class=\"wp-block-image aligncenter size-full\"><img loading=\"lazy\" decoding=\"async\" width=\"320\" height=\"320\" src=\"https:\/\/immekine.com\/wp-content\/uploads\/2025\/05\/ruinart.png\" alt=\"Ruinart\" class=\"wp-image-87\" srcset=\"https:\/\/immekine.com\/wp-content\/uploads\/2025\/05\/ruinart.png 320w, https:\/\/immekine.com\/wp-content\/uploads\/2025\/05\/ruinart-300x300.png 300w, https:\/\/immekine.com\/wp-content\/uploads\/2025\/05\/ruinart-150x150.png 150w\" sizes=\"auto, (max-width: 320px) 100vw, 320px\" \/><\/figure>\n<\/div>\n<\/div>\n<\/div>\n\n\n\n<div class=\"wp-block-group has-global-padding is-layout-constrained wp-container-core-group-is-layout-19e250f3 wp-block-group-is-layout-constrained\">\n<div class=\"wp-block-columns alignfull has-light-background-background-color has-background is-layout-flex wp-container-core-columns-is-layout-dd282781 wp-block-columns-is-layout-flex\" style=\"padding-top:0;padding-right:0;padding-bottom:0;padding-left:0\">\n<div class=\"wp-block-column is-layout-flow wp-block-column-is-layout-flow\"><\/div>\n\n\n\n<div class=\"wp-block-column is-layout-flow wp-block-column-is-layout-flow\">\n<figure class=\"wp-block-image aligncenter size-full\"><img loading=\"lazy\" decoding=\"async\" width=\"529\" height=\"610\" src=\"https:\/\/immekine.com\/wp-content\/uploads\/2025\/05\/segura-viudas-product.png\" alt=\"\" class=\"wp-image-97\" srcset=\"https:\/\/immekine.com\/wp-content\/uploads\/2025\/05\/segura-viudas-product.png 529w, https:\/\/immekine.com\/wp-content\/uploads\/2025\/05\/segura-viudas-product-260x300.png 260w\" sizes=\"auto, (max-width: 529px) 100vw, 529px\" \/><\/figure>\n<\/div>\n\n\n\n<div class=\"wp-block-column is-vertically-aligned-center is-layout-flow wp-block-column-is-layout-flow\">\n<figure class=\"wp-block-image aligncenter size-full\"><img loading=\"lazy\" decoding=\"async\" width=\"320\" height=\"320\" src=\"https:\/\/immekine.com\/wp-content\/uploads\/2025\/05\/segura-viudas.png\" alt=\"Segura Viudas\" class=\"wp-image-65\" srcset=\"https:\/\/immekine.com\/wp-content\/uploads\/2025\/05\/segura-viudas.png 320w, https:\/\/immekine.com\/wp-content\/uploads\/2025\/05\/segura-viudas-300x300.png 300w, https:\/\/immekine.com\/wp-content\/uploads\/2025\/05\/segura-viudas-150x150.png 150w\" sizes=\"auto, (max-width: 320px) 100vw, 320px\" \/><\/figure>\n<\/div>\n<\/div>\n<\/div>\n\n\n\n<div class=\"wp-block-group has-global-padding is-layout-constrained wp-container-core-group-is-layout-19e250f3 wp-block-group-is-layout-constrained\">\n<div class=\"wp-block-columns alignfull has-light-background-background-color has-background is-layout-flex wp-container-core-columns-is-layout-dd282781 wp-block-columns-is-layout-flex\" style=\"padding-top:0;padding-right:0;padding-bottom:0;padding-left:0\">\n<div class=\"wp-block-column is-layout-flow wp-block-column-is-layout-flow\"><\/div>\n\n\n\n<div class=\"wp-block-column is-layout-flow wp-block-column-is-layout-flow\">\n<figure class=\"wp-block-image aligncenter size-full\"><img loading=\"lazy\" decoding=\"async\" width=\"607\" height=\"662\" src=\"https:\/\/immekine.com\/wp-content\/uploads\/2025\/05\/antoni-barcelona-product.png\" alt=\"\" class=\"wp-image-96\" srcset=\"https:\/\/immekine.com\/wp-content\/uploads\/2025\/05\/antoni-barcelona-product.png 607w, https:\/\/immekine.com\/wp-content\/uploads\/2025\/05\/antoni-barcelona-product-275x300.png 275w\" sizes=\"auto, (max-width: 607px) 100vw, 607px\" \/><\/figure>\n<\/div>\n\n\n\n<div class=\"wp-block-column is-vertically-aligned-center is-layout-flow wp-block-column-is-layout-flow\">\n<figure class=\"wp-block-image aligncenter size-full\"><img loading=\"lazy\" decoding=\"async\" width=\"320\" height=\"320\" src=\"https:\/\/immekine.com\/wp-content\/uploads\/2025\/05\/antoni-barcelona.png\" alt=\"Antoni Barcelona\" class=\"wp-image-91\" srcset=\"https:\/\/immekine.com\/wp-content\/uploads\/2025\/05\/antoni-barcelona.png 320w, https:\/\/immekine.com\/wp-content\/uploads\/2025\/05\/antoni-barcelona-300x300.png 300w, https:\/\/immekine.com\/wp-content\/uploads\/2025\/05\/antoni-barcelona-150x150.png 150w\" sizes=\"auto, (max-width: 320px) 100vw, 320px\" \/><\/figure>\n<\/div>\n<\/div>\n<\/div>\n\n\n\n<div class=\"wp-block-group is-layout-flow wp-block-group-is-layout-flow\">\n<div class=\"wp-block-group is-layout-flow wp-block-group-is-layout-flow\">\n<div style=\"height:69px\" aria-hidden=\"true\" class=\"wp-block-spacer\"><\/div>\n<\/div>\n<\/div>\n\n\n\n<p><\/p>\n","protected":false},"excerpt":{"rendered":"<p>Dise\u00f1o y Producci\u00f3n de Packaging Somos proveedores de dise\u00f1o y producci\u00f3n de Packaging premium para las principales marcas del sector &#8216;Wine &amp; Spirits&#8217;. A partir del 2012 empezamos a colaborar con el grupo LVMH en desarrollo de packaging para l\u00edneas de producto especiales.<\/p>\n","protected":false},"author":1,"featured_media":103,"parent":192,"menu_order":0,"comment_status":"closed","ping_status":"closed","template":"","meta":{"footnotes":""},"class_list":["post-101","page","type-page","status-publish","has-post-thumbnail","hentry"],"featured_media_urls":{"thumbnail":["https:\/\/immekine.com\/wp-content\/uploads\/2025\/05\/pexels-julio-ricco-1852960-18372347-150x150.jpg",150,150,true],"medium":["https:\/\/immekine.com\/wp-content\/uploads\/2025\/05\/pexels-julio-ricco-1852960-18372347-300x200.jpg",300,200,true],"medium_large":["https:\/\/immekine.com\/wp-content\/uploads\/2025\/05\/pexels-julio-ricco-1852960-18372347-scaled.jpg",768,513,false],"large":["https:\/\/immekine.com\/wp-content\/uploads\/2025\/05\/pexels-julio-ricco-1852960-18372347-1024x683.jpg",950,634,true],"1536x1536":["https:\/\/immekine.com\/wp-content\/uploads\/2025\/05\/pexels-julio-ricco-1852960-18372347-scaled-1536x1025.jpg",1536,1025,true],"2048x2048":["https:\/\/immekine.com\/wp-content\/uploads\/2025\/05\/pexels-julio-ricco-1852960-18372347-scaled-2048x1367.jpg",2048,1367,true],"inspiro-featured-image":["https:\/\/immekine.com\/wp-content\/uploads\/2025\/05\/pexels-julio-ricco-1852960-18372347-2000x1335.jpg",2000,1335,true],"inspiro-loop":["https:\/\/immekine.com\/wp-content\/uploads\/2025\/05\/pexels-julio-ricco-1852960-18372347-950x320.jpg",950,320,true],"inspiro-loop@2x":["https:\/\/immekine.com\/wp-content\/uploads\/2025\/05\/pexels-julio-ricco-1852960-18372347-1900x640.jpg",1900,640,true],"portfolio_item-thumbnail":["https:\/\/immekine.com\/wp-content\/uploads\/2025\/05\/pexels-julio-ricco-1852960-18372347-600x400.jpg",600,400,true],"portfolio_item-thumbnail@2x":["https:\/\/immekine.com\/wp-content\/uploads\/2025\/05\/pexels-julio-ricco-1852960-18372347-1200x800.jpg",1200,800,true],"portfolio_item-masonry":["https:\/\/immekine.com\/wp-content\/uploads\/2025\/05\/pexels-julio-ricco-1852960-18372347-scaled-600x401.jpg",600,401,true],"portfolio_item-masonry@2x":["https:\/\/immekine.com\/wp-content\/uploads\/2025\/05\/pexels-julio-ricco-1852960-18372347-scaled-1200x801.jpg",1200,801,true],"portfolio_item-thumbnail_cinema":["https:\/\/immekine.com\/wp-content\/uploads\/2025\/05\/pexels-julio-ricco-1852960-18372347-scaled-800x335.jpg",800,335,true],"portfolio_item-thumbnail_portrait":["https:\/\/immekine.com\/wp-content\/uploads\/2025\/05\/pexels-julio-ricco-1852960-18372347-scaled-600x900.jpg",600,900,true],"portfolio_item-thumbnail_portrait@2x":["https:\/\/immekine.com\/wp-content\/uploads\/2025\/05\/pexels-julio-ricco-1852960-18372347-scaled-1200x1709.jpg",1200,1709,true],"portfolio_item-thumbnail_square":["https:\/\/immekine.com\/wp-content\/uploads\/2025\/05\/pexels-julio-ricco-1852960-18372347-scaled-800x800.jpg",800,800,true]},"_links":{"self":[{"href":"https:\/\/immekine.com\/index.php\/wp-json\/wp\/v2\/pages\/101","targetHints":{"allow":["GET"]}}],"collection":[{"href":"https:\/\/immekine.com\/index.php\/wp-json\/wp\/v2\/pages"}],"about":[{"href":"https:\/\/immekine.com\/index.php\/wp-json\/wp\/v2\/types\/page"}],"author":[{"embeddable":true,"href":"https:\/\/immekine.com\/index.php\/wp-json\/wp\/v2\/users\/1"}],"replies":[{"embeddable":true,"href":"https:\/\/immekine.com\/index.php\/wp-json\/wp\/v2\/comments?post=101"}],"version-history":[{"count":7,"href":"https:\/\/immekine.com\/index.php\/wp-json\/wp\/v2\/pages\/101\/revisions"}],"predecessor-version":[{"id":255,"href":"https:\/\/immekine.com\/index.php\/wp-json\/wp\/v2\/pages\/101\/revisions\/255"}],"up":[{"embeddable":true,"href":"https:\/\/immekine.com\/index.php\/wp-json\/wp\/v2\/pages\/192"}],"wp:featuredmedia":[{"embeddable":true,"href":"https:\/\/immekine.com\/index.php\/wp-json\/wp\/v2\/media\/103"}],"wp:attachment":[{"href":"https:\/\/immekine.com\/index.php\/wp-json\/wp\/v2\/media?parent=101"}],"curies":[{"name":"wp","href":"https:\/\/api.w.org\/{rel}","templated":true}]}}