{"id":110,"date":"2025-05-17T09:39:24","date_gmt":"2025-05-17T09:39:24","guid":{"rendered":"https:\/\/immekine.com\/?page_id=110"},"modified":"2025-05-18T09:22:13","modified_gmt":"2025-05-18T09:22:13","slug":"ecommerce","status":"publish","type":"page","link":"https:\/\/immekine.com\/index.php\/areas-de-negocio\/ecommerce\/","title":{"rendered":"Tiendas Online"},"content":{"rendered":"\n<div class=\"wp-block-group has-global-padding is-layout-constrained wp-block-group-is-layout-constrained\">\n<div class=\"wp-block-columns are-vertically-aligned-top is-layout-flex wp-container-core-columns-is-layout-d7d455e7 wp-block-columns-is-layout-flex\" style=\"padding-top:0;padding-right:0;padding-bottom:0;padding-left:0\">\n<div class=\"wp-block-column is-vertically-aligned-top is-layout-flow wp-block-column-is-layout-flow\" style=\"padding-right:7%;flex-basis:100%\">\n<h2 class=\"wp-block-heading has-large-font-size\">Gesti\u00f3n de tiendas On-line<\/h2>\n\n\n\n<p>Disponemos de un equipo muy cualificado de creaci\u00f3n y gesti\u00f3n de tiendas online, con un gran expertise realizamos&nbsp; investigaciones de mercado para centrar las inversiones en la compra de medios digitales. Hacemos una gesti\u00f3n integral de la tienda online incluyendo la log\u00edstica. Son muy notable nuestros acuerdos y gesti\u00f3n con plataformas de car\u00e1cter mundial, como Amazon.<\/p>\n\n\n\n<p>Nuestras empresas propias y colaboradoras y as\u00ed como todo el personal cualificado es de \u00e1mbito internacional situado en Barcelona, USA , China y Europa.<\/p>\n<\/div>\n<\/div>\n<\/div>\n\n\n\n<div class=\"wp-block-group has-global-padding is-layout-constrained wp-container-core-group-is-layout-19e250f3 wp-block-group-is-layout-constrained\">\n<div class=\"wp-block-columns alignfull has-light-background-background-color has-background is-layout-flex wp-container-core-columns-is-layout-dd282781 wp-block-columns-is-layout-flex\" style=\"padding-top:0;padding-right:0;padding-bottom:0;padding-left:0\">\n<div class=\"wp-block-column is-layout-flow wp-block-column-is-layout-flow\"><\/div>\n\n\n\n<div class=\"wp-block-column is-layout-flow wp-block-column-is-layout-flow\"><\/div>\n\n\n\n<div class=\"wp-block-column is-vertically-aligned-center is-layout-flow wp-block-column-is-layout-flow\"><\/div>\n<\/div>\n\n\n\n<hr class=\"wp-block-separator has-alpha-channel-opacity is-style-dots\"\/>\n<\/div>\n\n\n\n<div class=\"wp-block-group is-layout-flow wp-block-group-is-layout-flow\">\n<div class=\"wp-block-group is-layout-flow wp-block-group-is-layout-flow\">\n<p><strong>Actualmente gestionamos las tiendas on-line de las siguientes marcas:<\/strong><\/p>\n\n\n\n<ul class=\"wp-block-list\">\n<li><strong>MBT \u2013 <a href=\"https:\/\/www.mbt.com\/\">www.mbt.com<\/a><\/strong><\/li>\n<\/ul>\n\n\n\n<ul class=\"wp-block-list\">\n<li><strong>MTT \u2013 <a href=\"https:\/\/merinotraveltech.com\/es\/\">merinotraveltech.com\/es\/<\/a><\/strong><\/li>\n<\/ul>\n<\/div>\n<\/div>\n\n\n\n<hr class=\"wp-block-separator has-alpha-channel-opacity is-style-dots\"\/>\n\n\n\n<h2 class=\"wp-block-heading has-large-font-size\"><a href=\"https:\/\/www.mbt.com\/\" target=\"_blank\" rel=\"noreferrer noopener nofollow\">MBT<\/a><\/h2>\n\n\n\n<p><strong>Marca l\u00edder mundial en calzado fisiol\u00f3gico (producto patentado mundialmente)<\/strong><\/p>\n\n\n\n<div class=\"wp-block-group is-nowrap is-layout-flex wp-container-core-group-is-layout-6c531013 wp-block-group-is-layout-flex\">\n<figure class=\"wp-block-image size-full\"><img loading=\"lazy\" decoding=\"async\" width=\"691\" height=\"295\" src=\"https:\/\/immekine.com\/wp-content\/uploads\/2025\/05\/mbt1.png\" alt=\"\" class=\"wp-image-162\" srcset=\"https:\/\/immekine.com\/wp-content\/uploads\/2025\/05\/mbt1.png 691w, https:\/\/immekine.com\/wp-content\/uploads\/2025\/05\/mbt1-300x128.png 300w\" sizes=\"auto, (max-width: 691px) 100vw, 691px\" \/><\/figure>\n\n\n\n<figure class=\"wp-block-image size-full\"><img loading=\"lazy\" decoding=\"async\" width=\"1012\" height=\"716\" src=\"https:\/\/immekine.com\/wp-content\/uploads\/2025\/05\/mbt2.png\" alt=\"\" class=\"wp-image-163\" srcset=\"https:\/\/immekine.com\/wp-content\/uploads\/2025\/05\/mbt2.png 1012w, https:\/\/immekine.com\/wp-content\/uploads\/2025\/05\/mbt2-300x212.png 300w\" sizes=\"auto, (max-width: 1012px) 100vw, 1012px\" \/><\/figure>\n<\/div>\n\n\n\n<hr class=\"wp-block-separator has-alpha-channel-opacity is-style-dots\"\/>\n\n\n\n<h2 class=\"wp-block-heading has-large-font-size\"><a href=\"http:\/\/merinotraveltech.com\/es\/\" data-type=\"link\" data-id=\"merinotraveltech.com\/es\/\" target=\"_blank\" rel=\"noreferrer noopener nofollow\">MTT<\/a><\/h2>\n\n\n\n<p><strong><strong>Marca l\u00edder mundial en moda merino<\/strong><\/strong><\/p>\n\n\n\n<div class=\"wp-block-group is-nowrap is-layout-flex wp-container-core-group-is-layout-6c531013 wp-block-group-is-layout-flex\">\n<figure class=\"wp-block-image size-full\"><img loading=\"lazy\" decoding=\"async\" width=\"412\" height=\"608\" src=\"https:\/\/immekine.com\/wp-content\/uploads\/2025\/05\/mtt1.png\" alt=\"\" class=\"wp-image-164\" srcset=\"https:\/\/immekine.com\/wp-content\/uploads\/2025\/05\/mtt1.png 412w, https:\/\/immekine.com\/wp-content\/uploads\/2025\/05\/mtt1-203x300.png 203w\" sizes=\"auto, (max-width: 412px) 100vw, 412px\" \/><\/figure>\n\n\n\n<figure class=\"wp-block-image size-full\"><img loading=\"lazy\" decoding=\"async\" width=\"414\" height=\"608\" src=\"https:\/\/immekine.com\/wp-content\/uploads\/2025\/05\/mtt2.png\" alt=\"\" class=\"wp-image-165\" srcset=\"https:\/\/immekine.com\/wp-content\/uploads\/2025\/05\/mtt2.png 414w, https:\/\/immekine.com\/wp-content\/uploads\/2025\/05\/mtt2-204x300.png 204w\" sizes=\"auto, (max-width: 414px) 100vw, 414px\" \/><\/figure>\n\n\n\n<figure class=\"wp-block-image size-full\"><img loading=\"lazy\" decoding=\"async\" width=\"412\" height=\"608\" src=\"https:\/\/immekine.com\/wp-content\/uploads\/2025\/05\/mtt3.png\" alt=\"\" class=\"wp-image-166\" srcset=\"https:\/\/immekine.com\/wp-content\/uploads\/2025\/05\/mtt3.png 412w, https:\/\/immekine.com\/wp-content\/uploads\/2025\/05\/mtt3-203x300.png 203w\" sizes=\"auto, (max-width: 412px) 100vw, 412px\" \/><\/figure>\n\n\n\n<figure class=\"wp-block-image size-full\"><img loading=\"lazy\" decoding=\"async\" width=\"414\" height=\"608\" src=\"https:\/\/immekine.com\/wp-content\/uploads\/2025\/05\/mtt4.png\" alt=\"\" class=\"wp-image-167\" srcset=\"https:\/\/immekine.com\/wp-content\/uploads\/2025\/05\/mtt4.png 414w, https:\/\/immekine.com\/wp-content\/uploads\/2025\/05\/mtt4-204x300.png 204w\" sizes=\"auto, (max-width: 414px) 100vw, 414px\" \/><\/figure>\n<\/div>\n\n\n\n<p><\/p>\n","protected":false},"excerpt":{"rendered":"<p>Gesti\u00f3n de tiendas On-line Disponemos de un equipo muy cualificado de creaci\u00f3n y gesti\u00f3n de tiendas online, con un gran expertise realizamos&nbsp; investigaciones de mercado para centrar las inversiones en la compra de medios digitales. Hacemos una gesti\u00f3n integral de la tienda online incluyendo la log\u00edstica. Son muy notable nuestros acuerdos y gesti\u00f3n con plataformas &hellip; <\/p>\n<p class=\"link-more\"><a href=\"https:\/\/immekine.com\/index.php\/areas-de-negocio\/ecommerce\/\" class=\"more-link\">Leer m\u00e1s<span class=\"screen-reader-text\"> \u00abTiendas Online\u00bb<\/span><\/a><\/p>\n","protected":false},"author":1,"featured_media":122,"parent":192,"menu_order":0,"comment_status":"closed","ping_status":"closed","template":"","meta":{"footnotes":""},"class_list":["post-110","page","type-page","status-publish","has-post-thumbnail","hentry"],"featured_media_urls":{"thumbnail":["https:\/\/immekine.com\/wp-content\/uploads\/2025\/05\/pexels-pixabay-265087-150x150.jpg",150,150,true],"medium":["https:\/\/immekine.com\/wp-content\/uploads\/2025\/05\/pexels-pixabay-265087-300x200.jpg",300,200,true],"medium_large":["https:\/\/immekine.com\/wp-content\/uploads\/2025\/05\/pexels-pixabay-265087-scaled.jpg",768,512,false],"large":["https:\/\/immekine.com\/wp-content\/uploads\/2025\/05\/pexels-pixabay-265087-1024x683.jpg",950,634,true],"1536x1536":["https:\/\/immekine.com\/wp-content\/uploads\/2025\/05\/pexels-pixabay-265087-scaled-1536x1024.jpg",1536,1024,true],"2048x2048":["https:\/\/immekine.com\/wp-content\/uploads\/2025\/05\/pexels-pixabay-265087-scaled-2048x1366.jpg",2048,1366,true],"inspiro-featured-image":["https:\/\/immekine.com\/wp-content\/uploads\/2025\/05\/pexels-pixabay-265087-2000x1333.jpg",2000,1333,true],"inspiro-loop":["https:\/\/immekine.com\/wp-content\/uploads\/2025\/05\/pexels-pixabay-265087-950x320.jpg",950,320,true],"inspiro-loop@2x":["https:\/\/immekine.com\/wp-content\/uploads\/2025\/05\/pexels-pixabay-265087-1900x640.jpg",1900,640,true],"portfolio_item-thumbnail":["https:\/\/immekine.com\/wp-content\/uploads\/2025\/05\/pexels-pixabay-265087-scaled-600x400.jpg",600,400,true],"portfolio_item-thumbnail@2x":["https:\/\/immekine.com\/wp-content\/uploads\/2025\/05\/pexels-pixabay-265087-scaled-1200x800.jpg",1200,800,true],"portfolio_item-masonry":["https:\/\/immekine.com\/wp-content\/uploads\/2025\/05\/pexels-pixabay-265087-scaled-600x400.jpg",600,400,true],"portfolio_item-masonry@2x":["https:\/\/immekine.com\/wp-content\/uploads\/2025\/05\/pexels-pixabay-265087-scaled-1200x800.jpg",1200,800,true],"portfolio_item-thumbnail_cinema":["https:\/\/immekine.com\/wp-content\/uploads\/2025\/05\/pexels-pixabay-265087-scaled-800x335.jpg",800,335,true],"portfolio_item-thumbnail_portrait":["https:\/\/immekine.com\/wp-content\/uploads\/2025\/05\/pexels-pixabay-265087-scaled-600x900.jpg",600,900,true],"portfolio_item-thumbnail_portrait@2x":["https:\/\/immekine.com\/wp-content\/uploads\/2025\/05\/pexels-pixabay-265087-scaled-1200x1707.jpg",1200,1707,true],"portfolio_item-thumbnail_square":["https:\/\/immekine.com\/wp-content\/uploads\/2025\/05\/pexels-pixabay-265087-scaled-800x800.jpg",800,800,true]},"_links":{"self":[{"href":"https:\/\/immekine.com\/index.php\/wp-json\/wp\/v2\/pages\/110","targetHints":{"allow":["GET"]}}],"collection":[{"href":"https:\/\/immekine.com\/index.php\/wp-json\/wp\/v2\/pages"}],"about":[{"href":"https:\/\/immekine.com\/index.php\/wp-json\/wp\/v2\/types\/page"}],"author":[{"embeddable":true,"href":"https:\/\/immekine.com\/index.php\/wp-json\/wp\/v2\/users\/1"}],"replies":[{"embeddable":true,"href":"https:\/\/immekine.com\/index.php\/wp-json\/wp\/v2\/comments?post=110"}],"version-history":[{"count":8,"href":"https:\/\/immekine.com\/index.php\/wp-json\/wp\/v2\/pages\/110\/revisions"}],"predecessor-version":[{"id":189,"href":"https:\/\/immekine.com\/index.php\/wp-json\/wp\/v2\/pages\/110\/revisions\/189"}],"up":[{"embeddable":true,"href":"https:\/\/immekine.com\/index.php\/wp-json\/wp\/v2\/pages\/192"}],"wp:featuredmedia":[{"embeddable":true,"href":"https:\/\/immekine.com\/index.php\/wp-json\/wp\/v2\/media\/122"}],"wp:attachment":[{"href":"https:\/\/immekine.com\/index.php\/wp-json\/wp\/v2\/media?parent=110"}],"curies":[{"name":"wp","href":"https:\/\/api.w.org\/{rel}","templated":true}]}}