{"id":141,"date":"2025-05-18T08:09:47","date_gmt":"2025-05-18T08:09:47","guid":{"rendered":"https:\/\/immekine.com\/?page_id=141"},"modified":"2025-05-27T15:49:05","modified_gmt":"2025-05-27T15:49:05","slug":"marketing","status":"publish","type":"page","link":"https:\/\/immekine.com\/index.php\/areas-de-negocio\/marketing\/","title":{"rendered":"Marketing"},"content":{"rendered":"\n<div class=\"wp-block-group has-global-padding is-layout-constrained wp-block-group-is-layout-constrained\">\n<div class=\"wp-block-columns are-vertically-aligned-top is-layout-flex wp-container-core-columns-is-layout-d7d455e7 wp-block-columns-is-layout-flex\" style=\"padding-top:0;padding-right:0;padding-bottom:0;padding-left:0\">\n<div class=\"wp-block-column is-vertically-aligned-top is-layout-flow wp-block-column-is-layout-flow\" style=\"padding-right:7%;flex-basis:100%\">\n<h2 class=\"wp-block-heading has-large-font-size\">Dise\u00f1o de campa\u00f1as<\/h2>\n\n\n\n<p>Nuestra estructura , dividida en distintas empresas propias de Sourcing de producto, dise\u00f1o de producto y producci\u00f3n y gesti\u00f3n de contenidos de marca, incluye a dise\u00f1adores, proyectistas , dise\u00f1adores gr\u00e1ficos, directores creativos en el sector de la publicidad. Producimos campa\u00f1as de marketing con influencers\/Opinion leaders para marcas internacionales.<\/p>\n<\/div>\n<\/div>\n<\/div>\n\n\n\n<div class=\"wp-block-group has-global-padding is-layout-constrained wp-block-group-is-layout-constrained\">\n<div class=\"wp-block-columns are-vertically-aligned-top is-layout-flex wp-container-core-columns-is-layout-d7d455e7 wp-block-columns-is-layout-flex\" style=\"padding-top:0;padding-right:0;padding-bottom:0;padding-left:0\">\n<div class=\"wp-block-column is-vertically-aligned-top is-layout-flow wp-block-column-is-layout-flow\" style=\"padding-right:7%;flex-basis:50%\">\n<h2 class=\"wp-block-heading has-large-font-size\">Referencias hist\u00f3ricas<\/h2>\n\n\n\n<p><strong>Nacemos hace 40 a\u00f1os en el sector de la moda.<\/strong><\/p>\n\n\n\n<p>Referente de clientes y marcas internacionales:<\/p>\n\n\n\n<ul class=\"wp-block-list\">\n<li>Diesel Jeans<\/li>\n<\/ul>\n\n\n\n<ul class=\"wp-block-list\">\n<li>Guess Jeans<\/li>\n<\/ul>\n\n\n\n<ul class=\"wp-block-list\">\n<li>Gap y Banana Republic<\/li>\n<\/ul>\n\n\n\n<ul class=\"wp-block-list\">\n<li>Riva y Yacth de lujo<\/li>\n<\/ul>\n\n\n\n<ul class=\"wp-block-list\">\n<li>Pirelli; Creaci\u00f3n de la &#8216;P0&#8217; marca mundial con Naomi Campbell<\/li>\n<\/ul>\n\n\n\n<ul class=\"wp-block-list\">\n<li>McLaren; Stand life con Lewis Hamilton<\/li>\n<\/ul>\n\n\n\n<ul class=\"wp-block-list\">\n<li>Ellesse<\/li>\n<\/ul>\n<\/div>\n\n\n\n<div class=\"wp-block-column is-layout-flow wp-block-column-is-layout-flow\" style=\"flex-basis:50%\">\n<figure class=\"wp-block-image size-full\"><img loading=\"lazy\" decoding=\"async\" width=\"619\" height=\"605\" src=\"https:\/\/immekine.com\/wp-content\/uploads\/2025\/05\/campanas-historicas.png\" alt=\"\" class=\"wp-image-130\" srcset=\"https:\/\/immekine.com\/wp-content\/uploads\/2025\/05\/campanas-historicas.png 619w, https:\/\/immekine.com\/wp-content\/uploads\/2025\/05\/campanas-historicas-300x293.png 300w\" sizes=\"auto, (max-width: 619px) 100vw, 619px\" \/><\/figure>\n<\/div>\n<\/div>\n<\/div>\n\n\n\n<hr class=\"wp-block-separator has-alpha-channel-opacity is-style-dots\" style=\"margin-top:var(--wp--preset--spacing--x-small);margin-bottom:var(--wp--preset--spacing--x-small)\"\/>\n\n\n\n<div class=\"wp-block-group is-layout-flow wp-block-group-is-layout-flow\">\n<div class=\"wp-block-group is-layout-flow wp-block-group-is-layout-flow\">\n<div style=\"height:69px\" aria-hidden=\"true\" class=\"wp-block-spacer\"><\/div>\n<\/div>\n<\/div>\n\n\n\n<p><\/p>\n","protected":false},"excerpt":{"rendered":"<p>Dise\u00f1o de campa\u00f1as Nuestra estructura , dividida en distintas empresas propias de Sourcing de producto, dise\u00f1o de producto y producci\u00f3n y gesti\u00f3n de contenidos de marca, incluye a dise\u00f1adores, proyectistas , dise\u00f1adores gr\u00e1ficos, directores creativos en el sector de la publicidad. Producimos campa\u00f1as de marketing con influencers\/Opinion leaders para marcas internacionales. Referencias hist\u00f3ricas Nacemos hace &hellip; <\/p>\n<p class=\"link-more\"><a href=\"https:\/\/immekine.com\/index.php\/areas-de-negocio\/marketing\/\" class=\"more-link\">Leer m\u00e1s<span class=\"screen-reader-text\"> \u00abMarketing\u00bb<\/span><\/a><\/p>\n","protected":false},"author":1,"featured_media":121,"parent":192,"menu_order":0,"comment_status":"closed","ping_status":"closed","template":"","meta":{"footnotes":""},"class_list":["post-141","page","type-page","status-publish","has-post-thumbnail","hentry"],"featured_media_urls":{"thumbnail":["https:\/\/immekine.com\/wp-content\/uploads\/2025\/05\/pexels-fauxels-3183170-150x150.jpg",150,150,true],"medium":["https:\/\/immekine.com\/wp-content\/uploads\/2025\/05\/pexels-fauxels-3183170-300x200.jpg",300,200,true],"medium_large":["https:\/\/immekine.com\/wp-content\/uploads\/2025\/05\/pexels-fauxels-3183170-scaled.jpg",768,512,false],"large":["https:\/\/immekine.com\/wp-content\/uploads\/2025\/05\/pexels-fauxels-3183170-1024x683.jpg",950,634,true],"1536x1536":["https:\/\/immekine.com\/wp-content\/uploads\/2025\/05\/pexels-fauxels-3183170-scaled-1536x1025.jpg",1536,1025,true],"2048x2048":["https:\/\/immekine.com\/wp-content\/uploads\/2025\/05\/pexels-fauxels-3183170-scaled-2048x1366.jpg",2048,1366,true],"inspiro-featured-image":["https:\/\/immekine.com\/wp-content\/uploads\/2025\/05\/pexels-fauxels-3183170-2000x1335.jpg",2000,1335,true],"inspiro-loop":["https:\/\/immekine.com\/wp-content\/uploads\/2025\/05\/pexels-fauxels-3183170-950x320.jpg",950,320,true],"inspiro-loop@2x":["https:\/\/immekine.com\/wp-content\/uploads\/2025\/05\/pexels-fauxels-3183170-1900x640.jpg",1900,640,true],"portfolio_item-thumbnail":["https:\/\/immekine.com\/wp-content\/uploads\/2025\/05\/pexels-fauxels-3183170-scaled-600x400.jpg",600,400,true],"portfolio_item-thumbnail@2x":["https:\/\/immekine.com\/wp-content\/uploads\/2025\/05\/pexels-fauxels-3183170-scaled-1200x800.jpg",1200,800,true],"portfolio_item-masonry":["https:\/\/immekine.com\/wp-content\/uploads\/2025\/05\/pexels-fauxels-3183170-scaled-600x400.jpg",600,400,true],"portfolio_item-masonry@2x":["https:\/\/immekine.com\/wp-content\/uploads\/2025\/05\/pexels-fauxels-3183170-scaled-1200x801.jpg",1200,801,true],"portfolio_item-thumbnail_cinema":["https:\/\/immekine.com\/wp-content\/uploads\/2025\/05\/pexels-fauxels-3183170-scaled-800x335.jpg",800,335,true],"portfolio_item-thumbnail_portrait":["https:\/\/immekine.com\/wp-content\/uploads\/2025\/05\/pexels-fauxels-3183170-scaled-600x900.jpg",600,900,true],"portfolio_item-thumbnail_portrait@2x":["https:\/\/immekine.com\/wp-content\/uploads\/2025\/05\/pexels-fauxels-3183170-scaled-1200x1708.jpg",1200,1708,true],"portfolio_item-thumbnail_square":["https:\/\/immekine.com\/wp-content\/uploads\/2025\/05\/pexels-fauxels-3183170-scaled-800x800.jpg",800,800,true]},"_links":{"self":[{"href":"https:\/\/immekine.com\/index.php\/wp-json\/wp\/v2\/pages\/141","targetHints":{"allow":["GET"]}}],"collection":[{"href":"https:\/\/immekine.com\/index.php\/wp-json\/wp\/v2\/pages"}],"about":[{"href":"https:\/\/immekine.com\/index.php\/wp-json\/wp\/v2\/types\/page"}],"author":[{"embeddable":true,"href":"https:\/\/immekine.com\/index.php\/wp-json\/wp\/v2\/users\/1"}],"replies":[{"embeddable":true,"href":"https:\/\/immekine.com\/index.php\/wp-json\/wp\/v2\/comments?post=141"}],"version-history":[{"count":7,"href":"https:\/\/immekine.com\/index.php\/wp-json\/wp\/v2\/pages\/141\/revisions"}],"predecessor-version":[{"id":233,"href":"https:\/\/immekine.com\/index.php\/wp-json\/wp\/v2\/pages\/141\/revisions\/233"}],"up":[{"embeddable":true,"href":"https:\/\/immekine.com\/index.php\/wp-json\/wp\/v2\/pages\/192"}],"wp:featuredmedia":[{"embeddable":true,"href":"https:\/\/immekine.com\/index.php\/wp-json\/wp\/v2\/media\/121"}],"wp:attachment":[{"href":"https:\/\/immekine.com\/index.php\/wp-json\/wp\/v2\/media?parent=141"}],"curies":[{"name":"wp","href":"https:\/\/api.w.org\/{rel}","templated":true}]}}