{"id":192,"date":"2025-05-18T09:17:30","date_gmt":"2025-05-18T09:17:30","guid":{"rendered":"https:\/\/immekine.com\/?page_id=192"},"modified":"2025-05-27T16:10:46","modified_gmt":"2025-05-27T16:10:46","slug":"areas-de-negocio","status":"publish","type":"page","link":"https:\/\/immekine.com\/index.php\/areas-de-negocio\/","title":{"rendered":"Areas de negocio"},"content":{"rendered":"\n<div class=\"wp-block-group has-global-padding is-layout-constrained wp-block-group-is-layout-constrained\">\n<div class=\"wp-block-columns are-vertically-aligned-top is-layout-flex wp-container-core-columns-is-layout-d7d455e7 wp-block-columns-is-layout-flex\" style=\"padding-top:0;padding-right:0;padding-bottom:0;padding-left:0\">\n<div class=\"wp-block-column is-vertically-aligned-top is-layout-flow wp-block-column-is-layout-flow\" style=\"padding-right:7%;flex-basis:100%\">\n<h2 class=\"wp-block-heading has-large-font-size\">Marketing, dise\u00f1o, sourcing, distribuci\u00f3n, comunicaci\u00f3n, packaging y ecommerce<\/h2>\n\n\n\n<p><br>En <strong>IMMEKINE<\/strong> ofrecemos un enfoque integral para potenciar productos Premium en el entorno f\u00edsico y digital.<\/p>\n\n\n\n<p>Abordamos cada proyecto de forma global, cubriendo todas las etapas necesarias para construir y hacer crecer una marca. Nuestras \u00e1reas de negocio incluyen el\u00a0<strong>marketing<\/strong>\u00a0estrat\u00e9gico, el\u00a0<strong>dise\u00f1o<\/strong>\u00a0creativo, la gesti\u00f3n de\u00a0<strong>sourcing<\/strong>y\u00a0<strong>distribuci\u00f3n<\/strong>, la\u00a0<strong>comunicaci\u00f3n<\/strong>\u00a0de marca, el desarrollo de\u00a0<strong>packaging<\/strong>\u00a0impactante y la gesti\u00f3n integral de\u00a0<strong>ecommerce<\/strong>. Esta visi\u00f3n 360\u00ba nos permite ofrecer soluciones coherentes, eficientes y adaptadas a las necesidades de cada cliente<\/p>\n\n\n\n<p>Conozca mas profundamente que podemos ofrecerle.<\/p>\n<\/div>\n<\/div>\n<\/div>\n\n\n\n<hr class=\"wp-block-separator has-alpha-channel-opacity is-style-dots\"\/>\n\n\n\n<div class=\"wp-block-columns is-layout-flex wp-container-core-columns-is-layout-28f84493 wp-block-columns-is-layout-flex\">\n<div class=\"wp-block-column is-layout-flow wp-block-column-is-layout-flow\" style=\"flex-basis:33.34%\">\n<div class=\"wp-block-group has-global-padding is-layout-constrained wp-block-group-is-layout-constrained\">\n<h2 class=\"wp-block-heading has-text-align-center has-large-font-size\"><a href=\"https:\/\/immekine.com\/?page_id=141\" data-type=\"page\" data-id=\"141\">Marketing<\/a><\/h2>\n<\/div>\n<\/div>\n\n\n\n<div class=\"wp-block-column is-layout-flow wp-block-column-is-layout-flow\" style=\"flex-basis:33.34%\">\n<h2 class=\"wp-block-heading has-text-align-center has-large-font-size\"><a href=\"https:\/\/immekine.com\/?page_id=101\" data-type=\"page\" data-id=\"101\">Packaging<\/a><\/h2>\n<\/div>\n\n\n\n<div class=\"wp-block-column is-layout-flow wp-block-column-is-layout-flow\" style=\"flex-basis:33.33%\">\n<h2 class=\"wp-block-heading has-text-align-center has-large-font-size\"><a href=\"https:\/\/immekine.com\/?page_id=227\" data-type=\"page\" data-id=\"227\">Cristaler\u00eda<\/a><\/h2>\n<\/div>\n<\/div>\n\n\n\n<div class=\"wp-block-columns is-layout-flex wp-container-core-columns-is-layout-28f84493 wp-block-columns-is-layout-flex\">\n<div class=\"wp-block-column is-layout-flow wp-block-column-is-layout-flow\" style=\"flex-basis:33.34%\">\n<div class=\"wp-block-group has-global-padding is-layout-constrained wp-block-group-is-layout-constrained\">\n<h2 class=\"wp-block-heading has-text-align-center has-large-font-size\"><a href=\"https:\/\/immekine.com\/?page_id=232\" data-type=\"page\" data-id=\"232\">Sourcing<\/a><\/h2>\n<\/div>\n<\/div>\n\n\n\n<div class=\"wp-block-column is-layout-flow wp-block-column-is-layout-flow\" style=\"flex-basis:33.34%\">\n<h2 class=\"wp-block-heading has-text-align-center has-large-font-size\"><a href=\"https:\/\/immekine.com\/?page_id=235\" data-type=\"page\" data-id=\"235\">Distribuci\u00f3n<\/a><\/h2>\n<\/div>\n\n\n\n<div class=\"wp-block-column is-layout-flow wp-block-column-is-layout-flow\" style=\"flex-basis:33.33%\">\n<h2 class=\"wp-block-heading has-text-align-center has-large-font-size\"><a href=\"https:\/\/immekine.com\/?page_id=110\" data-type=\"page\" data-id=\"110\">ecommerce<\/a><\/h2>\n<\/div>\n<\/div>\n\n\n\n<p><\/p>\n","protected":false},"excerpt":{"rendered":"<p>Marketing, dise\u00f1o, sourcing, distribuci\u00f3n, comunicaci\u00f3n, packaging y ecommerce En IMMEKINE ofrecemos un enfoque integral para potenciar productos Premium en el entorno f\u00edsico y digital. Abordamos cada proyecto de forma global, cubriendo todas las etapas necesarias para construir y hacer crecer una marca. Nuestras \u00e1reas de negocio incluyen el\u00a0marketing\u00a0estrat\u00e9gico, el\u00a0dise\u00f1o\u00a0creativo, la gesti\u00f3n de\u00a0sourcingy\u00a0distribuci\u00f3n, la\u00a0comunicaci\u00f3n\u00a0de marca, el &hellip; <\/p>\n<p class=\"link-more\"><a href=\"https:\/\/immekine.com\/index.php\/areas-de-negocio\/\" class=\"more-link\">Leer m\u00e1s<span class=\"screen-reader-text\"> \u00abAreas de negocio\u00bb<\/span><\/a><\/p>\n","protected":false},"author":1,"featured_media":193,"parent":0,"menu_order":0,"comment_status":"closed","ping_status":"closed","template":"","meta":{"footnotes":""},"class_list":["post-192","page","type-page","status-publish","has-post-thumbnail","hentry"],"featured_media_urls":{"thumbnail":["https:\/\/immekine.com\/wp-content\/uploads\/2025\/05\/pexels-proxyclick-2451566-150x150.jpg",150,150,true],"medium":["https:\/\/immekine.com\/wp-content\/uploads\/2025\/05\/pexels-proxyclick-2451566-300x200.jpg",300,200,true],"medium_large":["https:\/\/immekine.com\/wp-content\/uploads\/2025\/05\/pexels-proxyclick-2451566-scaled.jpg",768,512,false],"large":["https:\/\/immekine.com\/wp-content\/uploads\/2025\/05\/pexels-proxyclick-2451566-1024x683.jpg",950,634,true],"1536x1536":["https:\/\/immekine.com\/wp-content\/uploads\/2025\/05\/pexels-proxyclick-2451566-scaled-1536x1024.jpg",1536,1024,true],"2048x2048":["https:\/\/immekine.com\/wp-content\/uploads\/2025\/05\/pexels-proxyclick-2451566-scaled-2048x1366.jpg",2048,1366,true],"inspiro-featured-image":["https:\/\/immekine.com\/wp-content\/uploads\/2025\/05\/pexels-proxyclick-2451566-2000x1333.jpg",2000,1333,true],"inspiro-loop":["https:\/\/immekine.com\/wp-content\/uploads\/2025\/05\/pexels-proxyclick-2451566-950x320.jpg",950,320,true],"inspiro-loop@2x":["https:\/\/immekine.com\/wp-content\/uploads\/2025\/05\/pexels-proxyclick-2451566-1900x640.jpg",1900,640,true],"portfolio_item-thumbnail":["https:\/\/immekine.com\/wp-content\/uploads\/2025\/05\/pexels-proxyclick-2451566-scaled-600x400.jpg",600,400,true],"portfolio_item-thumbnail@2x":["https:\/\/immekine.com\/wp-content\/uploads\/2025\/05\/pexels-proxyclick-2451566-scaled-1200x800.jpg",1200,800,true],"portfolio_item-masonry":["https:\/\/immekine.com\/wp-content\/uploads\/2025\/05\/pexels-proxyclick-2451566-scaled-600x400.jpg",600,400,true],"portfolio_item-masonry@2x":["https:\/\/immekine.com\/wp-content\/uploads\/2025\/05\/pexels-proxyclick-2451566-scaled-1200x800.jpg",1200,800,true],"portfolio_item-thumbnail_cinema":["https:\/\/immekine.com\/wp-content\/uploads\/2025\/05\/pexels-proxyclick-2451566-scaled-800x335.jpg",800,335,true],"portfolio_item-thumbnail_portrait":["https:\/\/immekine.com\/wp-content\/uploads\/2025\/05\/pexels-proxyclick-2451566-scaled-600x900.jpg",600,900,true],"portfolio_item-thumbnail_portrait@2x":["https:\/\/immekine.com\/wp-content\/uploads\/2025\/05\/pexels-proxyclick-2451566-scaled-1200x1707.jpg",1200,1707,true],"portfolio_item-thumbnail_square":["https:\/\/immekine.com\/wp-content\/uploads\/2025\/05\/pexels-proxyclick-2451566-scaled-800x800.jpg",800,800,true]},"_links":{"self":[{"href":"https:\/\/immekine.com\/index.php\/wp-json\/wp\/v2\/pages\/192","targetHints":{"allow":["GET"]}}],"collection":[{"href":"https:\/\/immekine.com\/index.php\/wp-json\/wp\/v2\/pages"}],"about":[{"href":"https:\/\/immekine.com\/index.php\/wp-json\/wp\/v2\/types\/page"}],"author":[{"embeddable":true,"href":"https:\/\/immekine.com\/index.php\/wp-json\/wp\/v2\/users\/1"}],"replies":[{"embeddable":true,"href":"https:\/\/immekine.com\/index.php\/wp-json\/wp\/v2\/comments?post=192"}],"version-history":[{"count":5,"href":"https:\/\/immekine.com\/index.php\/wp-json\/wp\/v2\/pages\/192\/revisions"}],"predecessor-version":[{"id":249,"href":"https:\/\/immekine.com\/index.php\/wp-json\/wp\/v2\/pages\/192\/revisions\/249"}],"wp:featuredmedia":[{"embeddable":true,"href":"https:\/\/immekine.com\/index.php\/wp-json\/wp\/v2\/media\/193"}],"wp:attachment":[{"href":"https:\/\/immekine.com\/index.php\/wp-json\/wp\/v2\/media?parent=192"}],"curies":[{"name":"wp","href":"https:\/\/api.w.org\/{rel}","templated":true}]}}