{"id":227,"date":"2025-05-27T15:48:41","date_gmt":"2025-05-27T15:48:41","guid":{"rendered":"https:\/\/immekine.com\/?page_id=227"},"modified":"2025-05-29T15:36:40","modified_gmt":"2025-05-29T15:36:40","slug":"cristaleria","status":"publish","type":"page","link":"https:\/\/immekine.com\/index.php\/areas-de-negocio\/cristaleria\/","title":{"rendered":"Dise\u00f1o de cristaler\u00eda"},"content":{"rendered":"\n<div class=\"wp-block-group has-global-padding is-layout-constrained wp-block-group-is-layout-constrained\">\n<div class=\"wp-block-columns are-vertically-aligned-top is-layout-flex wp-container-core-columns-is-layout-d7d455e7 wp-block-columns-is-layout-flex\" style=\"padding-top:0;padding-right:0;padding-bottom:0;padding-left:0\">\n<div class=\"wp-block-column is-vertically-aligned-top is-layout-flow wp-block-column-is-layout-flow\" style=\"padding-right:7%;flex-basis:100%\">\n<h2 class=\"wp-block-heading has-large-font-size\"><strong>Arte en cristal: copas \u00fanicas, dise\u00f1adas y elaboradas para marcas con alma<\/strong><\/h2>\n\n\n\n<p>Estamos especializados en el dise\u00f1o y producci\u00f3n de Copa Artesanal\u00a0de Cristal bufada y pintada a mano, colaboramos con las marcas m\u00e1s importantes del sector Home y Wine and Spirits.<\/p>\n<\/div>\n<\/div>\n<\/div>\n\n\n\n<div class=\"wp-block-group has-global-padding is-layout-constrained wp-block-group-is-layout-constrained\">\n<div class=\"wp-block-columns are-vertically-aligned-top is-layout-flex wp-container-core-columns-is-layout-d7d455e7 wp-block-columns-is-layout-flex\" style=\"padding-top:0;padding-right:0;padding-bottom:0;padding-left:0\">\n<div class=\"wp-block-column is-vertically-aligned-top is-layout-flow wp-block-column-is-layout-flow\" style=\"padding-right:7%;flex-basis:50%\">\n<figure class=\"wp-block-image size-full\"><img loading=\"lazy\" decoding=\"async\" width=\"551\" height=\"450\" src=\"https:\/\/immekine.com\/wp-content\/uploads\/2025\/05\/Glass-3.jpg\" alt=\"\" class=\"wp-image-273\" srcset=\"https:\/\/immekine.com\/wp-content\/uploads\/2025\/05\/Glass-3.jpg 551w, https:\/\/immekine.com\/wp-content\/uploads\/2025\/05\/Glass-3-300x245.jpg 300w\" sizes=\"auto, (max-width: 551px) 100vw, 551px\" \/><\/figure>\n\n\n\n<figure class=\"wp-block-image size-large\"><img loading=\"lazy\" decoding=\"async\" width=\"802\" height=\"1024\" src=\"https:\/\/immekine.com\/wp-content\/uploads\/2025\/05\/Glass-6-802x1024.jpg\" alt=\"\" class=\"wp-image-275\" srcset=\"https:\/\/immekine.com\/wp-content\/uploads\/2025\/05\/Glass-6-802x1024.jpg 802w, https:\/\/immekine.com\/wp-content\/uploads\/2025\/05\/Glass-6-235x300.jpg 235w, https:\/\/immekine.com\/wp-content\/uploads\/2025\/05\/Glass-6.jpg 940w\" sizes=\"auto, (max-width: 802px) 100vw, 802px\" \/><\/figure>\n\n\n\n<figure class=\"wp-block-image size-full\"><img loading=\"lazy\" decoding=\"async\" width=\"350\" height=\"233\" src=\"https:\/\/immekine.com\/wp-content\/uploads\/2025\/05\/Glass-2.jpg\" alt=\"\" class=\"wp-image-277\" srcset=\"https:\/\/immekine.com\/wp-content\/uploads\/2025\/05\/Glass-2.jpg 350w, https:\/\/immekine.com\/wp-content\/uploads\/2025\/05\/Glass-2-300x200.jpg 300w\" sizes=\"auto, (max-width: 350px) 100vw, 350px\" \/><\/figure>\n<\/div>\n\n\n\n<div class=\"wp-block-column is-layout-flow wp-block-column-is-layout-flow\" style=\"flex-basis:50%\">\n<figure class=\"wp-block-image size-large\"><img loading=\"lazy\" decoding=\"async\" width=\"896\" height=\"1024\" src=\"https:\/\/immekine.com\/wp-content\/uploads\/2025\/05\/Glass-4-896x1024.jpg\" alt=\"\" class=\"wp-image-274\" srcset=\"https:\/\/immekine.com\/wp-content\/uploads\/2025\/05\/Glass-4-896x1024.jpg 896w, https:\/\/immekine.com\/wp-content\/uploads\/2025\/05\/Glass-4-263x300.jpg 263w, https:\/\/immekine.com\/wp-content\/uploads\/2025\/05\/Glass-4.jpg 1400w\" sizes=\"auto, (max-width: 896px) 100vw, 896px\" \/><\/figure>\n\n\n\n<figure class=\"wp-block-image size-full\"><img loading=\"lazy\" decoding=\"async\" width=\"900\" height=\"650\" src=\"https:\/\/immekine.com\/wp-content\/uploads\/2025\/05\/Glass-5-1.jpg\" alt=\"\" class=\"wp-image-276\" srcset=\"https:\/\/immekine.com\/wp-content\/uploads\/2025\/05\/Glass-5-1.jpg 900w, https:\/\/immekine.com\/wp-content\/uploads\/2025\/05\/Glass-5-1-300x217.jpg 300w\" sizes=\"auto, (max-width: 900px) 100vw, 900px\" \/><\/figure>\n\n\n\n<figure class=\"wp-block-image size-full\"><img loading=\"lazy\" decoding=\"async\" width=\"280\" height=\"280\" src=\"https:\/\/immekine.com\/wp-content\/uploads\/2025\/05\/Glass-7.jpg\" alt=\"\" class=\"wp-image-278\" srcset=\"https:\/\/immekine.com\/wp-content\/uploads\/2025\/05\/Glass-7.jpg 280w, https:\/\/immekine.com\/wp-content\/uploads\/2025\/05\/Glass-7-150x150.jpg 150w\" sizes=\"auto, (max-width: 280px) 100vw, 280px\" \/><\/figure>\n<\/div>\n<\/div>\n<\/div>\n\n\n\n<hr class=\"wp-block-separator has-alpha-channel-opacity is-style-dots\" style=\"margin-top:var(--wp--preset--spacing--x-small);margin-bottom:var(--wp--preset--spacing--x-small)\"\/>\n\n\n\n<div class=\"wp-block-group is-layout-flow wp-block-group-is-layout-flow\">\n<div class=\"wp-block-group is-layout-flow wp-block-group-is-layout-flow\">\n<div style=\"height:69px\" aria-hidden=\"true\" class=\"wp-block-spacer\"><\/div>\n<\/div>\n<\/div>\n\n\n\n<p><\/p>\n","protected":false},"excerpt":{"rendered":"<p>Arte en cristal: copas \u00fanicas, dise\u00f1adas y elaboradas para marcas con alma Estamos especializados en el dise\u00f1o y producci\u00f3n de Copa Artesanal\u00a0de Cristal bufada y pintada a mano, colaboramos con las marcas m\u00e1s importantes del sector Home y Wine and Spirits.<\/p>\n","protected":false},"author":1,"featured_media":271,"parent":192,"menu_order":0,"comment_status":"closed","ping_status":"closed","template":"","meta":{"footnotes":""},"class_list":["post-227","page","type-page","status-publish","has-post-thumbnail","hentry"],"featured_media_urls":{"thumbnail":["https:\/\/immekine.com\/wp-content\/uploads\/2025\/05\/Glass-5-150x150.jpg",150,150,true],"medium":["https:\/\/immekine.com\/wp-content\/uploads\/2025\/05\/Glass-5-300x217.jpg",300,217,true],"medium_large":["https:\/\/immekine.com\/wp-content\/uploads\/2025\/05\/Glass-5.jpg",768,555,false],"large":["https:\/\/immekine.com\/wp-content\/uploads\/2025\/05\/Glass-5.jpg",900,650,false],"1536x1536":["https:\/\/immekine.com\/wp-content\/uploads\/2025\/05\/Glass-5.jpg",900,650,false],"2048x2048":["https:\/\/immekine.com\/wp-content\/uploads\/2025\/05\/Glass-5.jpg",900,650,false],"inspiro-featured-image":["https:\/\/immekine.com\/wp-content\/uploads\/2025\/05\/Glass-5.jpg",900,650,false],"inspiro-loop":["https:\/\/immekine.com\/wp-content\/uploads\/2025\/05\/Glass-5-900x320.jpg",900,320,true],"inspiro-loop@2x":["https:\/\/immekine.com\/wp-content\/uploads\/2025\/05\/Glass-5-900x640.jpg",900,640,true],"portfolio_item-thumbnail":["https:\/\/immekine.com\/wp-content\/uploads\/2025\/05\/Glass-5-600x400.jpg",600,400,true],"portfolio_item-thumbnail@2x":["https:\/\/immekine.com\/wp-content\/uploads\/2025\/05\/Glass-5.jpg",900,650,false],"portfolio_item-masonry":["https:\/\/immekine.com\/wp-content\/uploads\/2025\/05\/Glass-5-600x433.jpg",600,433,true],"portfolio_item-masonry@2x":["https:\/\/immekine.com\/wp-content\/uploads\/2025\/05\/Glass-5.jpg",900,650,false],"portfolio_item-thumbnail_cinema":["https:\/\/immekine.com\/wp-content\/uploads\/2025\/05\/Glass-5-800x335.jpg",800,335,true],"portfolio_item-thumbnail_portrait":["https:\/\/immekine.com\/wp-content\/uploads\/2025\/05\/Glass-5-600x650.jpg",600,650,true],"portfolio_item-thumbnail_portrait@2x":["https:\/\/immekine.com\/wp-content\/uploads\/2025\/05\/Glass-5.jpg",900,650,false],"portfolio_item-thumbnail_square":["https:\/\/immekine.com\/wp-content\/uploads\/2025\/05\/Glass-5-800x650.jpg",800,650,true]},"_links":{"self":[{"href":"https:\/\/immekine.com\/index.php\/wp-json\/wp\/v2\/pages\/227","targetHints":{"allow":["GET"]}}],"collection":[{"href":"https:\/\/immekine.com\/index.php\/wp-json\/wp\/v2\/pages"}],"about":[{"href":"https:\/\/immekine.com\/index.php\/wp-json\/wp\/v2\/types\/page"}],"author":[{"embeddable":true,"href":"https:\/\/immekine.com\/index.php\/wp-json\/wp\/v2\/users\/1"}],"replies":[{"embeddable":true,"href":"https:\/\/immekine.com\/index.php\/wp-json\/wp\/v2\/comments?post=227"}],"version-history":[{"count":6,"href":"https:\/\/immekine.com\/index.php\/wp-json\/wp\/v2\/pages\/227\/revisions"}],"predecessor-version":[{"id":279,"href":"https:\/\/immekine.com\/index.php\/wp-json\/wp\/v2\/pages\/227\/revisions\/279"}],"up":[{"embeddable":true,"href":"https:\/\/immekine.com\/index.php\/wp-json\/wp\/v2\/pages\/192"}],"wp:featuredmedia":[{"embeddable":true,"href":"https:\/\/immekine.com\/index.php\/wp-json\/wp\/v2\/media\/271"}],"wp:attachment":[{"href":"https:\/\/immekine.com\/index.php\/wp-json\/wp\/v2\/media?parent=227"}],"curies":[{"name":"wp","href":"https:\/\/api.w.org\/{rel}","templated":true}]}}