{"id":232,"date":"2025-05-27T15:49:12","date_gmt":"2025-05-27T15:49:12","guid":{"rendered":"https:\/\/immekine.com\/?page_id=232"},"modified":"2025-05-29T15:52:53","modified_gmt":"2025-05-29T15:52:53","slug":"sourcing","status":"publish","type":"page","link":"https:\/\/immekine.com\/index.php\/areas-de-negocio\/sourcing\/","title":{"rendered":"Sourcing productivo"},"content":{"rendered":"\n<div class=\"wp-block-group has-global-padding is-layout-constrained wp-block-group-is-layout-constrained\">\n<div class=\"wp-block-columns are-vertically-aligned-top is-layout-flex wp-container-core-columns-is-layout-d7d455e7 wp-block-columns-is-layout-flex\" style=\"padding-top:0;padding-right:0;padding-bottom:0;padding-left:0\">\n<div class=\"wp-block-column is-vertically-aligned-top is-layout-flow wp-block-column-is-layout-flow\" style=\"padding-right:7%;flex-basis:100%\">\n<h2 class=\"wp-block-heading has-large-font-size\"><strong>Gesti\u00f3n global de proveedores para una producci\u00f3n eficiente, segura y a medida<\/strong><\/h2>\n\n\n\n<p>A trav\u00e9s de una amplia red de fabricantes en Europa, China y Sudeste Asi\u00e1tico, nos encargamos de la monitorizaci\u00f3n de toda la cadena de suministro en los diferentes pa\u00edses para cada uno de nuestros proyectos y marcas asociadas.<\/p>\n<\/div>\n<\/div>\n<\/div>\n\n\n\n<div class=\"wp-block-group has-global-padding is-layout-constrained wp-block-group-is-layout-constrained\">\n<div class=\"wp-block-columns are-vertically-aligned-top is-layout-flex wp-container-core-columns-is-layout-d7d455e7 wp-block-columns-is-layout-flex\" style=\"padding-top:0;padding-right:0;padding-bottom:0;padding-left:0\">\n<div class=\"wp-block-column is-vertically-aligned-top is-layout-flow wp-block-column-is-layout-flow\" style=\"padding-right:7%;flex-basis:50%\">\n<figure class=\"wp-block-image size-full is-resized\"><img loading=\"lazy\" decoding=\"async\" width=\"1125\" height=\"750\" src=\"https:\/\/immekine.com\/wp-content\/uploads\/2025\/05\/free-photo-of-interior-espaios-de-fabrica-industrial-al-brasil.jpg\" alt=\"\" class=\"wp-image-282\" style=\"width:508px;height:auto\" srcset=\"https:\/\/immekine.com\/wp-content\/uploads\/2025\/05\/free-photo-of-interior-espaios-de-fabrica-industrial-al-brasil.jpg 1125w, https:\/\/immekine.com\/wp-content\/uploads\/2025\/05\/free-photo-of-interior-espaios-de-fabrica-industrial-al-brasil-300x200.jpg 300w, https:\/\/immekine.com\/wp-content\/uploads\/2025\/05\/free-photo-of-interior-espaios-de-fabrica-industrial-al-brasil-1024x683.jpg 1024w\" sizes=\"auto, (max-width: 1125px) 100vw, 1125px\" \/><\/figure>\n\n\n\n<figure class=\"wp-block-image size-large\"><img loading=\"lazy\" decoding=\"async\" width=\"1024\" height=\"683\" src=\"https:\/\/immekine.com\/wp-content\/uploads\/2025\/05\/pexels-photo-31121842-1024x683.webp\" alt=\"\" class=\"wp-image-284\" srcset=\"https:\/\/immekine.com\/wp-content\/uploads\/2025\/05\/pexels-photo-31121842-1024x683.webp 1024w, https:\/\/immekine.com\/wp-content\/uploads\/2025\/05\/pexels-photo-31121842-300x200.webp 300w, https:\/\/immekine.com\/wp-content\/uploads\/2025\/05\/pexels-photo-31121842-600x400.webp 600w, https:\/\/immekine.com\/wp-content\/uploads\/2025\/05\/pexels-photo-31121842.webp 1124w\" sizes=\"auto, (max-width: 1024px) 100vw, 1024px\" \/><\/figure>\n<\/div>\n\n\n\n<div class=\"wp-block-column is-layout-flow wp-block-column-is-layout-flow\" style=\"flex-basis:50%\">\n<figure class=\"wp-block-image size-large\"><img loading=\"lazy\" decoding=\"async\" width=\"1024\" height=\"615\" src=\"https:\/\/immekine.com\/wp-content\/uploads\/2025\/05\/pexels-pixabay-236748-1024x615.jpg\" alt=\"\" class=\"wp-image-240\" srcset=\"https:\/\/immekine.com\/wp-content\/uploads\/2025\/05\/pexels-pixabay-236748-1024x615.jpg 1024w, https:\/\/immekine.com\/wp-content\/uploads\/2025\/05\/pexels-pixabay-236748-300x180.jpg 300w, https:\/\/immekine.com\/wp-content\/uploads\/2025\/05\/pexels-pixabay-236748-1536x923.jpg 1536w, https:\/\/immekine.com\/wp-content\/uploads\/2025\/05\/pexels-pixabay-236748-600x361.jpg 600w, https:\/\/immekine.com\/wp-content\/uploads\/2025\/05\/pexels-pixabay-236748-1200x721.jpg 1200w, https:\/\/immekine.com\/wp-content\/uploads\/2025\/05\/pexels-pixabay-236748.jpg 2000w\" sizes=\"auto, (max-width: 1024px) 100vw, 1024px\" \/><\/figure>\n\n\n\n<figure class=\"wp-block-image size-large\"><img loading=\"lazy\" decoding=\"async\" width=\"1024\" height=\"683\" src=\"https:\/\/immekine.com\/wp-content\/uploads\/2025\/05\/pexels-photo-4483610-1024x683.jpg\" alt=\"\" class=\"wp-image-285\" srcset=\"https:\/\/immekine.com\/wp-content\/uploads\/2025\/05\/pexels-photo-4483610-1024x683.jpg 1024w, https:\/\/immekine.com\/wp-content\/uploads\/2025\/05\/pexels-photo-4483610-300x200.jpg 300w, https:\/\/immekine.com\/wp-content\/uploads\/2025\/05\/pexels-photo-4483610-600x400.jpg 600w, https:\/\/immekine.com\/wp-content\/uploads\/2025\/05\/pexels-photo-4483610.jpg 1125w\" sizes=\"auto, (max-width: 1024px) 100vw, 1024px\" \/><\/figure>\n<\/div>\n<\/div>\n<\/div>\n\n\n\n<hr class=\"wp-block-separator has-alpha-channel-opacity is-style-dots\" style=\"margin-top:var(--wp--preset--spacing--x-small);margin-bottom:var(--wp--preset--spacing--x-small)\"\/>\n\n\n\n<div class=\"wp-block-group is-layout-flow wp-block-group-is-layout-flow\">\n<div class=\"wp-block-group is-layout-flow wp-block-group-is-layout-flow\">\n<div style=\"height:69px\" aria-hidden=\"true\" class=\"wp-block-spacer\"><\/div>\n<\/div>\n<\/div>\n\n\n\n<p><\/p>\n","protected":false},"excerpt":{"rendered":"<p>Gesti\u00f3n global de proveedores para una producci\u00f3n eficiente, segura y a medida A trav\u00e9s de una amplia red de fabricantes en Europa, China y Sudeste Asi\u00e1tico, nos encargamos de la monitorizaci\u00f3n de toda la cadena de suministro en los diferentes pa\u00edses para cada uno de nuestros proyectos y marcas asociadas.<\/p>\n","protected":false},"author":1,"featured_media":263,"parent":192,"menu_order":0,"comment_status":"closed","ping_status":"closed","template":"","meta":{"footnotes":""},"class_list":["post-232","page","type-page","status-publish","has-post-thumbnail","hentry"],"featured_media_urls":{"thumbnail":["https:\/\/immekine.com\/wp-content\/uploads\/2025\/05\/Foto-Sourcing-150x150.jpeg",150,150,true],"medium":["https:\/\/immekine.com\/wp-content\/uploads\/2025\/05\/Foto-Sourcing-300x200.jpeg",300,200,true],"medium_large":["https:\/\/immekine.com\/wp-content\/uploads\/2025\/05\/Foto-Sourcing.jpeg",750,500,false],"large":["https:\/\/immekine.com\/wp-content\/uploads\/2025\/05\/Foto-Sourcing.jpeg",750,500,false],"1536x1536":["https:\/\/immekine.com\/wp-content\/uploads\/2025\/05\/Foto-Sourcing.jpeg",750,500,false],"2048x2048":["https:\/\/immekine.com\/wp-content\/uploads\/2025\/05\/Foto-Sourcing.jpeg",750,500,false],"inspiro-featured-image":["https:\/\/immekine.com\/wp-content\/uploads\/2025\/05\/Foto-Sourcing.jpeg",750,500,false],"inspiro-loop":["https:\/\/immekine.com\/wp-content\/uploads\/2025\/05\/Foto-Sourcing-750x320.jpeg",750,320,true],"inspiro-loop@2x":["https:\/\/immekine.com\/wp-content\/uploads\/2025\/05\/Foto-Sourcing.jpeg",750,500,false],"portfolio_item-thumbnail":["https:\/\/immekine.com\/wp-content\/uploads\/2025\/05\/Foto-Sourcing-600x400.jpeg",600,400,true],"portfolio_item-thumbnail@2x":["https:\/\/immekine.com\/wp-content\/uploads\/2025\/05\/Foto-Sourcing.jpeg",750,500,false],"portfolio_item-masonry":["https:\/\/immekine.com\/wp-content\/uploads\/2025\/05\/Foto-Sourcing-600x400.jpeg",600,400,true],"portfolio_item-masonry@2x":["https:\/\/immekine.com\/wp-content\/uploads\/2025\/05\/Foto-Sourcing.jpeg",750,500,false],"portfolio_item-thumbnail_cinema":["https:\/\/immekine.com\/wp-content\/uploads\/2025\/05\/Foto-Sourcing-750x335.jpeg",750,335,true],"portfolio_item-thumbnail_portrait":["https:\/\/immekine.com\/wp-content\/uploads\/2025\/05\/Foto-Sourcing-600x500.jpeg",600,500,true],"portfolio_item-thumbnail_portrait@2x":["https:\/\/immekine.com\/wp-content\/uploads\/2025\/05\/Foto-Sourcing.jpeg",750,500,false],"portfolio_item-thumbnail_square":["https:\/\/immekine.com\/wp-content\/uploads\/2025\/05\/Foto-Sourcing.jpeg",750,500,false]},"_links":{"self":[{"href":"https:\/\/immekine.com\/index.php\/wp-json\/wp\/v2\/pages\/232","targetHints":{"allow":["GET"]}}],"collection":[{"href":"https:\/\/immekine.com\/index.php\/wp-json\/wp\/v2\/pages"}],"about":[{"href":"https:\/\/immekine.com\/index.php\/wp-json\/wp\/v2\/types\/page"}],"author":[{"embeddable":true,"href":"https:\/\/immekine.com\/index.php\/wp-json\/wp\/v2\/users\/1"}],"replies":[{"embeddable":true,"href":"https:\/\/immekine.com\/index.php\/wp-json\/wp\/v2\/comments?post=232"}],"version-history":[{"count":6,"href":"https:\/\/immekine.com\/index.php\/wp-json\/wp\/v2\/pages\/232\/revisions"}],"predecessor-version":[{"id":286,"href":"https:\/\/immekine.com\/index.php\/wp-json\/wp\/v2\/pages\/232\/revisions\/286"}],"up":[{"embeddable":true,"href":"https:\/\/immekine.com\/index.php\/wp-json\/wp\/v2\/pages\/192"}],"wp:featuredmedia":[{"embeddable":true,"href":"https:\/\/immekine.com\/index.php\/wp-json\/wp\/v2\/media\/263"}],"wp:attachment":[{"href":"https:\/\/immekine.com\/index.php\/wp-json\/wp\/v2\/media?parent=232"}],"curies":[{"name":"wp","href":"https:\/\/api.w.org\/{rel}","templated":true}]}}